{"id":2625,"date":"2024-12-26T03:31:25","date_gmt":"2024-12-26T03:31:25","guid":{"rendered":"https:\/\/hubsteel.casethemes.net\/?page_id=2625"},"modified":"2025-07-18T15:33:13","modified_gmt":"2025-07-18T07:33:13","slug":"contact-us","status":"publish","type":"page","link":"https:\/\/www.czjiarui.com\/fr\/contact-us\/","title":{"rendered":"Contactez-nous"},"content":{"rendered":"<div data-elementor-type=\"wp-page\" data-elementor-id=\"2625\" class=\"elementor elementor-2625\" data-elementor-post-type=\"page\">\n\t\t\t\t        <section class=\"elementor-section elementor-top-section elementor-element elementor-element-6ee7b7e elementor-section-stretched elementor-section-boxed elementor-section-height-default elementor-section-height-default pxl-row-scroll-none pxl-zoom-point-false pxl-section-overflow-visible pxl-section-fix-none pxl-bg-color-none pxl-section-overlay-none\" data-id=\"6ee7b7e\" data-element_type=\"section\" data-settings=\"{&quot;stretch_section&quot;:&quot;section-stretched&quot;}\">\n\n                \n                <div class=\"elementor-container elementor-column-gap-extended\">\n                <div class=\"elementor-column elementor-col-100 elementor-top-column elementor-element elementor-element-da4ae7c pxl-column-none pxl-column-overflow-hidden-no\" data-id=\"da4ae7c\" data-element_type=\"column\">\r\n        <div class=\"elementor-widget-wrap elementor-element-populated\">\r\n                     \r\n        \t\t<div class=\"elementor-element elementor-element-7e747a8 elementor-widget elementor-widget-google_maps\" data-id=\"7e747a8\" data-element_type=\"widget\" data-widget_type=\"google_maps.default\">\n\t\t\t\t\t\t\t<div class=\"elementor-custom-embed\">\n\t\t\t<iframe loading=\"lazy\"\n\t\t\t\t\tsrc=\"https:\/\/maps.google.com\/maps?q=33%20Nine%20Elms%20Ln%2C%20Nine%20Elms%2C%20London%20SW11%207US%2C%20V%C6%B0%C6%A1ng%20qu%E1%BB%91c%20Anh&#038;t=m&#038;z=15&#038;output=embed&#038;iwloc=near\"\n\t\t\t\t\ttitle=\"33 Nine Elms Ln, Nine Elms, London SW11 7US, V\u01b0\u01a1ng qu\u1ed1c Anh\"\n\t\t\t\t\taria-label=\"33 Nine Elms Ln, Nine Elms, London SW11 7US, V\u01b0\u01a1ng qu\u1ed1c Anh\"\n\t\t\t><\/iframe>\n\t\t<\/div>\n\t\t\t\t\t\t<\/div>\n\t\t            <\/div>\r\n        <\/div>\r\n        \t\t\t<\/div>\n\t\t<\/section>\n\t\t        <section class=\"elementor-section elementor-top-section elementor-element elementor-element-54e9fc6 elementor-section-stretched elementor-section-boxed elementor-section-height-default elementor-section-height-default pxl-row-scroll-none pxl-zoom-point-false pxl-section-overflow-visible pxl-section-fix-none pxl-bg-color-none pxl-section-overlay-none\" data-id=\"54e9fc6\" data-element_type=\"section\" data-settings=\"{&quot;stretch_section&quot;:&quot;section-stretched&quot;}\">\n\n                \n                <div class=\"elementor-container elementor-column-gap-extended\">\n                <div class=\"elementor-column elementor-col-100 elementor-top-column elementor-element elementor-element-fd5e543 pxl-column-none pxl-column-overflow-hidden-no\" data-id=\"fd5e543\" data-element_type=\"column\">\r\n        <div class=\"elementor-widget-wrap\">\r\n                     \r\n                    <\/div>\r\n        <\/div>\r\n        \t\t\t<\/div>\n\t\t<\/section>\n\t\t        <section class=\"elementor-section elementor-top-section elementor-element elementor-element-497ddea elementor-section-stretched elementor-section-boxed elementor-section-height-default elementor-section-height-default pxl-row-scroll-none pxl-zoom-point-false pxl-section-overflow-visible pxl-section-fix-none pxl-bg-color-none pxl-section-overlay-none\" data-id=\"497ddea\" data-element_type=\"section\" data-settings=\"{&quot;stretch_section&quot;:&quot;section-stretched&quot;}\">\n\n                \n                <div class=\"elementor-container elementor-column-gap-extended\">\n                <div class=\"elementor-column elementor-col-100 elementor-top-column elementor-element elementor-element-64355fd pxl-column-none pxl-column-overflow-hidden-no\" data-id=\"64355fd\" data-element_type=\"column\">\r\n        <div class=\"elementor-widget-wrap elementor-element-populated\">\r\n                     \r\n                <section class=\"elementor-section elementor-inner-section elementor-element elementor-element-0235967 elementor-section-full_width elementor-section-height-default elementor-section-height-default pxl-row-scroll-none pxl-zoom-point-false pxl-section-overflow-visible pxl-section-fix-none pxl-full-content-with-space-none pxl-bg-color-none pxl-section-overlay-none\" data-id=\"0235967\" data-element_type=\"section\">\n\n                \n                <div class=\"elementor-container elementor-column-gap-no\">\n                <div class=\"elementor-column elementor-col-50 elementor-inner-column elementor-element elementor-element-bc158dd pxl-column-none pxl-column-overflow-hidden-no\" data-id=\"bc158dd\" data-element_type=\"column\">\r\n        <div class=\"elementor-widget-wrap elementor-element-populated\">\r\n                     \r\n        \t\t<div class=\"elementor-element elementor-element-fa23043 elementor-widget elementor-widget-pxl_image\" data-id=\"fa23043\" data-element_type=\"widget\" data-widget_type=\"pxl_image.default\">\n\t\t\t\t<div class=\"elementor-widget-container\">\n\t\t\t\t\t<div id=\"pxl_image-fa23043-6534\" class=\"pxl-image-single style_img1 pxl-disable-parallax-sm\"  >\r\n        <div class=\"pxl-item--inner\" data-wow-delay=\"ms\">\r\n        \r\n                                <div class=\"pxl-item--bg bg-image\" style=\"background-image: url(https:\/\/www.czjiarui.com\/wp-content\/uploads\/2025\/06\/1931482492838871053-e1748866994302.jpeg);\">\r\n                                            <\/div>\r\n                            \r\n            <\/div>\r\n<\/div>\t\t\t\t<\/div>\n\t\t\t\t<\/div>\n\t\t            <\/div>\r\n        <\/div>\r\n                <div class=\"elementor-column elementor-col-50 elementor-inner-column elementor-element elementor-element-4eda749 pxl-column-none pxl-column-overflow-hidden-no\" data-id=\"4eda749\" data-element_type=\"column\">\r\n        <div class=\"elementor-widget-wrap elementor-element-populated\">\r\n                     \r\n        \t\t<div class=\"elementor-element elementor-element-2348ae0 elementor-widget elementor-widget-pxl_text_editor\" data-id=\"2348ae0\" data-element_type=\"widget\" data-widget_type=\"pxl_text_editor.default\">\n\t\t\t\t<div class=\"elementor-widget-container\">\n\t\t\t\t\t<div class=\"pxl-text-editor\">\n\t<div class=\"pxl-item--inner\" data-wow-delay=\"ms\">\n\t\t<p><strong>Bienvenue chez Jiarui Precision !<\/strong><\/p>\t\t\n\t<\/div>\n<\/div>\t\t\t\t<\/div>\n\t\t\t\t<\/div>\n\t\t\t\t<div class=\"elementor-element elementor-element-47d645a elementor-widget elementor-widget-pxl_text_editor\" data-id=\"47d645a\" data-element_type=\"widget\" data-widget_type=\"pxl_text_editor.default\">\n\t\t\t\t<div class=\"elementor-widget-container\">\n\t\t\t\t\t<div class=\"pxl-text-editor\">\n\t<div class=\"pxl-item--inner\" data-wow-delay=\"ms\">\n\t\t<p>Veuillez nous envoyer un message, et toutes vos demandes concernant les produits et services de Gary Precision seront trait\u00e9es.<\/p>\t\t\n\t<\/div>\n<\/div>\t\t\t\t<\/div>\n\t\t\t\t<\/div>\n\t\t\t\t<div class=\"elementor-element elementor-element-2695c1b elementor-widget elementor-widget-pxl_contact_form\" data-id=\"2695c1b\" data-element_type=\"widget\" data-widget_type=\"pxl_contact_form.default\">\n\t\t\t\t<div class=\"elementor-widget-container\">\n\t\t\t\t\t    <div class=\"pxl-contact-form pxl-contact-form1 btn-w-auto\" data-wow-delay=\"ms\">\r\n        \n<div class=\"wpcf7 no-js\" id=\"wpcf7-f6434-o1\" lang=\"en-US\" dir=\"ltr\" data-wpcf7-id=\"6434\">\n<div class=\"screen-reader-response\"><p role=\"status\" aria-live=\"polite\" aria-atomic=\"true\"><\/p> <ul><\/ul><\/div>\n<form action=\"\/fr\/wp-json\/wp\/v2\/pages\/2625#wpcf7-f6434-o1\" method=\"post\" class=\"wpcf7-form init\" aria-label=\"Contact form\" novalidate=\"novalidate\" data-status=\"init\" data-trp-original-action=\"\/fr\/wp-json\/wp\/v2\/pages\/2625#wpcf7-f6434-o1\">\n<fieldset class=\"hidden-fields-container\"><input type=\"hidden\" name=\"_wpcf7\" value=\"6434\" \/><input type=\"hidden\" name=\"_wpcf7_version\" value=\"6.1\" \/><input type=\"hidden\" name=\"_wpcf7_locale\" value=\"en_US\" \/><input type=\"hidden\" name=\"_wpcf7_unit_tag\" value=\"wpcf7-f6434-o1\" \/><input type=\"hidden\" name=\"_wpcf7_container_post\" value=\"0\" \/><input type=\"hidden\" name=\"_wpcf7_posted_data_hash\" value=\"\" \/>\n<\/fieldset>\n<div class=\"contact3\">\n\t<div class=\"pxl-contact-inner\">\n\t\t<div class=\"pxl-inner-form\">\n\t\t\t<div class=\"row\">\n\t\t\t\t<div class=\"col-lg-6 col-md-6 col-sm-12\">\n\t\t\t\t\t<div class=\"form pxl-item-name\">\n\t\t\t\t\t\t<p><span class=\"wpcf7-form-control-wrap\" data-name=\"text-484\"><input size=\"40\" maxlength=\"400\" class=\"wpcf7-form-control wpcf7-text wpcf7-validates-as-required\" aria-required=\"true\" aria-invalid=\"false\" placeholder=\"Votre nom*\" value=\"\" type=\"text\" name=\"text-484\" \/><\/span>\n\t\t\t\t\t\t<\/p>\n\t\t\t\t\t<\/div>\n\t\t\t\t\t<div class=\"form pxl-item-phone\">\n\t\t\t\t\t\t<p><span class=\"wpcf7-form-control-wrap\" data-name=\"tel-913\"><input size=\"40\" maxlength=\"400\" class=\"wpcf7-form-control wpcf7-tel wpcf7-validates-as-required wpcf7-text wpcf7-validates-as-tel\" aria-required=\"true\" aria-invalid=\"false\" placeholder=\"Num\u00e9ro de t\u00e9l\u00e9phone*\" value=\"\" type=\"tel\" name=\"tel-913\" \/><\/span>\n\t\t\t\t\t\t<\/p>\n\t\t\t\t\t<\/div>\n\t\t\t\t<\/div>\n\t\t\t\t<div class=\"col-lg-6 col-md-6 col-sm-12\">\n\t\t\t\t\t<div class=\"form pxl-item-email\">\n\t\t\t\t\t\t<p><span class=\"wpcf7-form-control-wrap\" data-name=\"email-761\"><input size=\"40\" maxlength=\"400\" class=\"wpcf7-form-control wpcf7-email wpcf7-validates-as-required wpcf7-text wpcf7-validates-as-email\" aria-required=\"true\" aria-invalid=\"false\" placeholder=\"Votre adresse e-mail*\" value=\"\" type=\"email\" name=\"email-761\" \/><\/span>\n\t\t\t\t\t\t<\/p>\n\t\t\t\t\t<\/div>\n\t\t\t\t\t<div class=\"form pxl-item-service\">\n\t\t\t\t\t\t<p><span class=\"wpcf7-form-control-wrap\" data-name=\"your-service\"><select class=\"wpcf7-form-control wpcf7-select wpcf7-validates-as-required\" aria-required=\"true\" aria-invalid=\"false\" name=\"your-service\"><option value=\"Service Needs Support\">Besoin de support pour les services<\/option><option value=\"Technical support and maintenance\">Support technique et maintenance<\/option><option value=\"Safety and environmental support\">S\u00e9curit\u00e9 et soutien environnemental<\/option><option value=\"Training and consulting\">Formation et conseil<\/option><option value=\"Specialized customer care service\">Specialized customer care service<\/option><\/select><\/span>\n\t\t\t\t\t\t<\/p>\n\t\t\t\t\t<\/div>\n\t\t\t\t<\/div>\n\t\t\t<\/div>\n\t\t\t<div class=\"form pxl-item-message\">\n\t\t\t\t<p><span class=\"wpcf7-form-control-wrap\" data-name=\"textarea-759\"><textarea cols=\"40\" rows=\"10\" maxlength=\"2000\" class=\"wpcf7-form-control wpcf7-textarea wpcf7-validates-as-required\" aria-required=\"true\" aria-invalid=\"false\" placeholder=\"Message...\" name=\"textarea-759\"><\/textarea><\/span>\n\t\t\t\t<\/p>\n\t\t\t<\/div>\n\t\t\t<div class=\"pxl-contact-check\">\n\t\t\t\t<div class=\"pxl-item-accept\">\n\t\t\t\t\t<p><span class=\"wpcf7-form-control-wrap\" data-name=\"acceptance-332\"><span class=\"wpcf7-form-control wpcf7-acceptance optional\"><span class=\"wpcf7-list-item\"><label><input type=\"checkbox\" name=\"acceptance-332\" value=\"1\" aria-invalid=\"false\" \/><span class=\"wpcf7-list-item-label\">Accepter les conditions g\u00e9n\u00e9rales<\/span><\/label><\/span><\/span><\/span>\n\t\t\t\t\t<\/p>\n\t\t\t\t<\/div>\n\t\t\t\t<div class=\"contact-submit\">\n\t\t\t\t\t<p><button class=\"btn-contact7 wpcf7-submit\" type=\"submit\" data-animation=\"pxl-xspin\"><br \/>\n<span class=\"pxl-btn-text\"><br \/>\nEnvoyer un message<br \/>\n<\/span><br \/>\n<span class=\"pxl-btn-icon pxl-pl-5\"><br \/>\n<svg fill=\"none\" height=\"512\" viewbox=\"0 0 24 24\" width=\"512\" xmlns=\"http:\/\/www.w3.org\/2000\/svg\"><path d=\"m16.0039 9.414-8.60699 8.607-1.414-1.414 8.60599-8.607h-7.58499v-2h10.99999v11h-2z\" fill=\"rgb(#2C3E87)\"\/><\/svg><br \/>\n<\/span><br \/>\n<\/button>\n\t\t\t\t\t<\/p>\n\t\t\t\t<\/div>\n\t\t\t<\/div>\n\t\t<\/div>\n\t<\/div>\n<\/div><div class=\"wpcf7-response-output\" aria-hidden=\"true\"><\/div>\n<input type=\"hidden\" name=\"trp-form-language\" value=\"fr\"\/><\/form>\n<\/div>\n    <\/div>\r\n\t\t\t\t<\/div>\n\t\t\t\t<\/div>\n\t\t            <\/div>\r\n        <\/div>\r\n        \t\t\t<\/div>\n\t\t<\/section>\n\t\t            <\/div>\r\n        <\/div>\r\n        \t\t\t<\/div>\n\t\t<\/section>\n\t\t\t\t<\/div>","protected":false},"excerpt":{"rendered":"<p>Welcome to Jiarui Precision! Please send us a message, and all your inquiries regarding Gary Precision&#8217;s products and services will be addressed. Service Needs SupportTechnical support and maintenanceSafety and environmental supportTraining and consultingSpecialized customer care service Accept Terms And Conditions Send Message<\/p>","protected":false},"author":1,"featured_media":0,"parent":0,"menu_order":0,"comment_status":"closed","ping_status":"closed","template":"","meta":{"footnotes":""},"class_list":["post-2625","page","type-page","status-publish","hentry"],"yoast_head":"<!-- This site is optimized with the Yoast SEO plugin v25.5 - https:\/\/yoast.com\/wordpress\/plugins\/seo\/ -->\n<title>Contact Us - \u4f73\u745e\u7cbe\u673a<\/title>\n<meta name=\"description\" content=\"Changzhou City Jia Rui Precision Machinery Co., Ltd is one of theleading turnkey solution suppliers for plastic extrusion productionlines. Our company is focused on manufacturing the mostprofessional plastic extrusion machines for nearly 30 years,especially those applied in the medical industry\" \/>\n<meta name=\"robots\" content=\"index, follow, max-snippet:-1, max-image-preview:large, max-video-preview:-1\" \/>\n<link rel=\"canonical\" href=\"https:\/\/www.czjiarui.com\/fr\/contact-us\/\" \/>\n<meta property=\"og:locale\" content=\"fr_FR\" \/>\n<meta property=\"og:type\" content=\"article\" \/>\n<meta property=\"og:title\" content=\"Contact Us - \u4f73\u745e\u7cbe\u673a\" \/>\n<meta property=\"og:description\" content=\"Changzhou City Jia Rui Precision Machinery Co., Ltd is one of theleading turnkey solution suppliers for plastic extrusion productionlines. Our company is focused on manufacturing the mostprofessional plastic extrusion machines for nearly 30 years,especially those applied in the medical industry\" \/>\n<meta property=\"og:url\" content=\"https:\/\/www.czjiarui.com\/fr\/contact-us\/\" \/>\n<meta property=\"og:site_name\" content=\"\u4f73\u745e\u7cbe\u673a\" \/>\n<meta property=\"article:modified_time\" content=\"2025-07-18T07:33:13+00:00\" \/>\n<meta name=\"twitter:card\" content=\"summary_large_image\" \/>\n<meta name=\"twitter:label1\" content=\"Dur\u00e9e de lecture estim\u00e9e\" \/>\n\t<meta name=\"twitter:data1\" content=\"1 minute\" \/>\n<script type=\"application\/ld+json\" class=\"yoast-schema-graph\">{\"@context\":\"https:\/\/schema.org\",\"@graph\":[{\"@type\":\"WebPage\",\"@id\":\"https:\/\/www.czjiarui.com\/ar\/contact-us\/\",\"url\":\"https:\/\/www.czjiarui.com\/ar\/contact-us\/\",\"name\":\"Contact Us - \u4f73\u745e\u7cbe\u673a\",\"isPartOf\":{\"@id\":\"https:\/\/www.czjiarui.com\/#website\"},\"datePublished\":\"2024-12-26T03:31:25+00:00\",\"dateModified\":\"2025-07-18T07:33:13+00:00\",\"description\":\"Changzhou City Jia Rui Precision Machinery Co., Ltd is one of theleading turnkey solution suppliers for plastic extrusion productionlines. Our company is focused on manufacturing the mostprofessional plastic extrusion machines for nearly 30 years,especially those applied in the medical industry\",\"breadcrumb\":{\"@id\":\"https:\/\/www.czjiarui.com\/ar\/contact-us\/#breadcrumb\"},\"inLanguage\":\"fr-FR\",\"potentialAction\":[{\"@type\":\"ReadAction\",\"target\":[\"https:\/\/www.czjiarui.com\/ar\/contact-us\/\"]}]},{\"@type\":\"BreadcrumbList\",\"@id\":\"https:\/\/www.czjiarui.com\/ar\/contact-us\/#breadcrumb\",\"itemListElement\":[{\"@type\":\"ListItem\",\"position\":1,\"name\":\"\u9996\u9875\",\"item\":\"https:\/\/www.czjiarui.com\/\"},{\"@type\":\"ListItem\",\"position\":2,\"name\":\"Contact Us\"}]},{\"@type\":\"WebSite\",\"@id\":\"https:\/\/www.czjiarui.com\/#website\",\"url\":\"https:\/\/www.czjiarui.com\/\",\"name\":\"Changzhou Jiarui Precision Machinery Co., Ltd\",\"description\":\"\",\"publisher\":{\"@id\":\"https:\/\/www.czjiarui.com\/#organization\"},\"potentialAction\":[{\"@type\":\"SearchAction\",\"target\":{\"@type\":\"EntryPoint\",\"urlTemplate\":\"https:\/\/www.czjiarui.com\/?s={search_term_string}\"},\"query-input\":{\"@type\":\"PropertyValueSpecification\",\"valueRequired\":true,\"valueName\":\"search_term_string\"}}],\"inLanguage\":\"fr-FR\"},{\"@type\":\"Organization\",\"@id\":\"https:\/\/www.czjiarui.com\/#organization\",\"name\":\"Changzhou Jiarui Precision Machinery Co., Ltd\",\"url\":\"https:\/\/www.czjiarui.com\/\",\"logo\":{\"@type\":\"ImageObject\",\"inLanguage\":\"fr-FR\",\"@id\":\"https:\/\/www.czjiarui.com\/#\/schema\/logo\/image\/\",\"url\":\"https:\/\/www.czjiarui.com\/wp-content\/uploads\/2024\/12\/logo2-scaled.png\",\"contentUrl\":\"https:\/\/www.czjiarui.com\/wp-content\/uploads\/2024\/12\/logo2-scaled.png\",\"width\":2560,\"height\":1169,\"caption\":\"Changzhou Jiarui Precision Machinery Co., Ltd\"},\"image\":{\"@id\":\"https:\/\/www.czjiarui.com\/#\/schema\/logo\/image\/\"}}]}<\/script>\n<!-- \/ Yoast SEO plugin. -->","yoast_head_json":{"title":"Contact Us - \u4f73\u745e\u7cbe\u673a","description":"Changzhou City Jia Rui Precision Machinery Co., Ltd is one of theleading turnkey solution suppliers for plastic extrusion productionlines. Our company is focused on manufacturing the mostprofessional plastic extrusion machines for nearly 30 years,especially those applied in the medical industry","robots":{"index":"index","follow":"follow","max-snippet":"max-snippet:-1","max-image-preview":"max-image-preview:large","max-video-preview":"max-video-preview:-1"},"canonical":"https:\/\/www.czjiarui.com\/fr\/contact-us\/","og_locale":"fr_FR","og_type":"article","og_title":"Contact Us - \u4f73\u745e\u7cbe\u673a","og_description":"Changzhou City Jia Rui Precision Machinery Co., Ltd is one of theleading turnkey solution suppliers for plastic extrusion productionlines. Our company is focused on manufacturing the mostprofessional plastic extrusion machines for nearly 30 years,especially those applied in the medical industry","og_url":"https:\/\/www.czjiarui.com\/fr\/contact-us\/","og_site_name":"\u4f73\u745e\u7cbe\u673a","article_modified_time":"2025-07-18T07:33:13+00:00","twitter_card":"summary_large_image","twitter_misc":{"Dur\u00e9e de lecture estim\u00e9e":"1 minute"},"schema":{"@context":"https:\/\/schema.org","@graph":[{"@type":"WebPage","@id":"https:\/\/www.czjiarui.com\/ar\/contact-us\/","url":"https:\/\/www.czjiarui.com\/ar\/contact-us\/","name":"Contact Us - \u4f73\u745e\u7cbe\u673a","isPartOf":{"@id":"https:\/\/www.czjiarui.com\/#website"},"datePublished":"2024-12-26T03:31:25+00:00","dateModified":"2025-07-18T07:33:13+00:00","description":"Changzhou City Jia Rui Precision Machinery Co., Ltd is one of theleading turnkey solution suppliers for plastic extrusion productionlines. Our company is focused on manufacturing the mostprofessional plastic extrusion machines for nearly 30 years,especially those applied in the medical industry","breadcrumb":{"@id":"https:\/\/www.czjiarui.com\/ar\/contact-us\/#breadcrumb"},"inLanguage":"fr-FR","potentialAction":[{"@type":"ReadAction","target":["https:\/\/www.czjiarui.com\/ar\/contact-us\/"]}]},{"@type":"BreadcrumbList","@id":"https:\/\/www.czjiarui.com\/ar\/contact-us\/#breadcrumb","itemListElement":[{"@type":"ListItem","position":1,"name":"\u9996\u9875","item":"https:\/\/www.czjiarui.com\/"},{"@type":"ListItem","position":2,"name":"Contact Us"}]},{"@type":"WebSite","@id":"https:\/\/www.czjiarui.com\/#website","url":"https:\/\/www.czjiarui.com\/","name":"Changzhou Jiarui Precision Machinery Co., Ltd","description":"","publisher":{"@id":"https:\/\/www.czjiarui.com\/#organization"},"potentialAction":[{"@type":"SearchAction","target":{"@type":"EntryPoint","urlTemplate":"https:\/\/www.czjiarui.com\/?s={search_term_string}"},"query-input":{"@type":"PropertyValueSpecification","valueRequired":true,"valueName":"search_term_string"}}],"inLanguage":"fr-FR"},{"@type":"Organization","@id":"https:\/\/www.czjiarui.com\/#organization","name":"Changzhou Jiarui Precision Machinery Co., Ltd","url":"https:\/\/www.czjiarui.com\/","logo":{"@type":"ImageObject","inLanguage":"fr-FR","@id":"https:\/\/www.czjiarui.com\/#\/schema\/logo\/image\/","url":"https:\/\/www.czjiarui.com\/wp-content\/uploads\/2024\/12\/logo2-scaled.png","contentUrl":"https:\/\/www.czjiarui.com\/wp-content\/uploads\/2024\/12\/logo2-scaled.png","width":2560,"height":1169,"caption":"Changzhou Jiarui Precision Machinery Co., Ltd"},"image":{"@id":"https:\/\/www.czjiarui.com\/#\/schema\/logo\/image\/"}}]}},"_links":{"self":[{"href":"https:\/\/www.czjiarui.com\/fr\/wp-json\/wp\/v2\/pages\/2625","targetHints":{"allow":["GET"]}}],"collection":[{"href":"https:\/\/www.czjiarui.com\/fr\/wp-json\/wp\/v2\/pages"}],"about":[{"href":"https:\/\/www.czjiarui.com\/fr\/wp-json\/wp\/v2\/types\/page"}],"author":[{"embeddable":true,"href":"https:\/\/www.czjiarui.com\/fr\/wp-json\/wp\/v2\/users\/1"}],"replies":[{"embeddable":true,"href":"https:\/\/www.czjiarui.com\/fr\/wp-json\/wp\/v2\/comments?post=2625"}],"version-history":[{"count":25,"href":"https:\/\/www.czjiarui.com\/fr\/wp-json\/wp\/v2\/pages\/2625\/revisions"}],"predecessor-version":[{"id":23527,"href":"https:\/\/www.czjiarui.com\/fr\/wp-json\/wp\/v2\/pages\/2625\/revisions\/23527"}],"wp:attachment":[{"href":"https:\/\/www.czjiarui.com\/fr\/wp-json\/wp\/v2\/media?parent=2625"}],"curies":[{"name":"wp","href":"https:\/\/api.w.org\/{rel}","templated":true}]}}